{"id":456,"date":"2014-03-18T03:35:48","date_gmt":"2014-03-18T01:35:48","guid":{"rendered":"https:\/\/www.mallorca-luxus-finca.com\/finca-2\/"},"modified":"2016-01-20T23:26:47","modified_gmt":"2016-01-20T21:26:47","slug":"finca","status":"publish","type":"page","link":"https:\/\/www.mallorca-luxus-finca.com\/es\/finca\/","title":{"rendered":"La Finca"},"content":{"rendered":"<blockquote><p>&nbsp;<\/p>\n<p>Con fant\u00e1sticas vistas sobre las colinas de Mallorca, se encuentra en el coraz\u00f3n de la isla, la reci\u00e9n construida y preciosa Finca CA&#8217;N CASTELL, a s\u00f3lo 25 minutos en coche de Palma, y cerca de Sineu. Con su ubicaci\u00f3n c\u00e9ntrica pero a la vez tranquila y sus instalaciones de primera calidad, este encantador oasis vacacional es una garant\u00eda para una estancia maravillosa y activa.<\/p><\/blockquote>\n<p>&nbsp;<\/p>\n<p>&nbsp;<\/p>\n<h3>Exterior<\/h3>\n<p>&nbsp;<\/p>\n<div class='content-column one_half'><p><a href=\"https:\/\/www.mallorca-luxus-finca.com\/wp-content\/uploads\/2014\/01\/img_8277.jpg\"><img loading=\"lazy\" decoding=\"async\" class=\"alignnone  fullwidth\" alt=\"img_8277\" src=\"https:\/\/www.mallorca-luxus-finca.com\/wp-content\/uploads\/2014\/01\/img_8277.jpg\" width=\"900\" height=\"600\" \/><\/a><\/p>\n<p>&nbsp;<\/p>\n<p><b>La propiedad consta de una planta baja, una torre, y una planta superior, as\u00ed como numerosas terrazas y balcones. Est\u00e1 situada en una parcela de 50.000 m\u00b2, con aproximadamente 100 almendros y \u00e1rboles frutales, un pinar, y un peque\u00f1o huerto con lechugas, tomates, calabacines, berenjenas, melones y hierbas arom\u00e1ticas.<\/b><\/p>\n<p><strong>\u00a0<\/strong><\/p>\n<p>La casa est\u00e1 equipada con un sistema de alarma y un sistema de video vigilancia.<\/div>\n<div class='content-column one_half last_column'>A trav\u00e9s de un port\u00f3n el\u00e9ctrico, un amplio camino conduce a la zona de entrada. Una p\u00e9rgola sirve como espacio de estacionamiento.<\/p>\n<p>&nbsp;<\/p>\n<p>Delante de la t\u00edpica puerta doble se encuentra un patio con bancos y adelfas blancas. Detr\u00e1s de la casa se encuentra la piscina de 18 x 8 m que se calienta con energ\u00eda solar y que est\u00e1 rodeada de c\u00e9sped, tumbonas de teca y sombrillas. M\u00e1s sillas de teca y sombrillas est\u00e1n disponibles en la terraza de la casa.<\/p>\n<p>&nbsp;<\/p>\n<p>&nbsp;<\/p>\n<p><a href=\"https:\/\/www.mallorca-luxus-finca.com\/wp-content\/uploads\/2014\/01\/img_8099.jpg\"><img loading=\"lazy\" decoding=\"async\" class=\"alignnone  fullwidth\" alt=\"img_8099\" src=\"https:\/\/www.mallorca-luxus-finca.com\/wp-content\/uploads\/2014\/01\/img_8099.jpg\" width=\"900\" height=\"600\" \/><\/a><\/p><\/div><div class='clear_column'><\/div>\n<p>&nbsp;<\/p>\n<p>&nbsp;<\/p>\n<p>&nbsp;<\/p>\n<h3>Interior<\/h3>\n<p>&nbsp;<\/p>\n<div class='content-column one_half'><b>El espacio vital de aproximadamente 510 m\u00b2 ofrece una sala de estar, 5 dormitorios dobles, 5 cuartos de ba\u00f1o (todos con m\u00e1rmol y granito) y 2 aseos para invitados.<\/b><\/p>\n<p>&nbsp;<\/p>\n<p>La planta baja consta de vest\u00edbulo, sala de estar con chimenea, comedor y cocina, biblioteca \/ sala de televisi\u00f3n, un peque\u00f1o despacho, aseo para invitados y un apartamento para invitados con 2 dormitorios, cuarto de ba\u00f1o, sal\u00f3n y cocina peque\u00f1a. En el piso superior se encuentra el dormitorio principal adem\u00e1s de dos dormitorios, cada uno con su ba\u00f1o privado y terraza.<\/p>\n<p>&nbsp;<\/p>\n<p>La cocina elegante est\u00e1 equipada con, entre otras cosas, una cocina independiente de color negro, frigor\u00edfico\/congelador, horno, microondas, lavavajillas, licuadora, utensilios de cocina All Clad, hervidor de agua, tostadora, hierro para gofres, y maquina de hacer helados. Los vasos son de Riedel y Schott, la vajilla de Rosenthal.<\/p>\n<p>&nbsp;<\/p>\n<p>&nbsp;<\/p>\n<p><a href=\"https:\/\/www.mallorca-luxus-finca.com\/wp-content\/uploads\/2014\/01\/IMG_8055.jpg\"><img loading=\"lazy\" decoding=\"async\" class=\"alignnone  fullwidth\" alt=\"IMG_8055\" src=\"https:\/\/www.mallorca-luxus-finca.com\/wp-content\/uploads\/2014\/01\/IMG_8055.jpg\" width=\"900\" height=\"600\" \/><\/a><\/p>\n<p>&nbsp;<\/p>\n<p>&nbsp;<\/p><\/div>\n<div class='content-column one_half last_column'>En el lavadero junto a la cocina se encuentran una lavadora y secadora Siemens, una nevera adicional y armarios de almacenamiento. El suelo y todas las cubiertas son de granito negro.<\/p>\n<p>&nbsp;<\/p>\n<p>Todas las dem\u00e1s habitaciones de la planta baja tienen suelos de baldosas. La planta superior y el s\u00f3tano tienen suelos de roble. Todas las habitaciones est\u00e1n equipadas con calefacci\u00f3n por suelo radiante, adem\u00e1s los dormitorios y la biblioteca tienen aire acondicionado adicional.<\/p>\n<p>&nbsp;<\/p>\n<p>&nbsp;<\/p>\n<p><a href=\"https:\/\/www.mallorca-luxus-finca.com\/wp-content\/uploads\/2014\/01\/img_8209.jpg\"><img loading=\"lazy\" decoding=\"async\" class=\"alignnone  fullwidth\" alt=\"img_8209\" src=\"https:\/\/www.mallorca-luxus-finca.com\/wp-content\/uploads\/2014\/01\/img_8209.jpg\" width=\"900\" height=\"600\" \/><\/a><\/p>\n<p>&nbsp;<\/p>\n<p>Todas las habitaciones est\u00e1n equipadas con camas y colchones de SEALY, edredones y almohadas, televisor de pantalla plana y radio Bose, adem\u00e1s de armarios empotrados con caja fuerte. Todos los cuartos de ba\u00f1o est\u00e1n hechos en piedra natural y est\u00e1n equipados con un espejo de tocador, secador de pelo, ducha tipo lluvia, y mucho m\u00e1s.<\/p>\n<p>&nbsp;<\/p>\n<p>El acceso a Internet es por sat\u00e9lite y ofrece Wireless LAN y SKY TV. En la sala de TV se puede disfrutar de un televisor de 148 pulgadas.<\/div><div class='clear_column'><\/div>\n<p>&nbsp;<\/p>\n<p>&nbsp;<\/p>\n<h3>Deporte<\/h3>\n<p>&nbsp;<\/p>\n<div class='content-column one_half'>Adem\u00e1s de la piscina grande, la propiedad cuenta con una pista de tenis de arcilla roja reci\u00e9n construida. Para los ni\u00f1os existe la posibilidad de clase en grupo en el Club de Tenis Manacor (el club de Rafa Nadal). El entrenador puede venir a la casa para clases particulares, por favor p\u00f3ngase en contacto con nosotros para m\u00e1s informaci\u00f3n.<\/p>\n<p>&nbsp;<\/p>\n<p>En el s\u00f3tano hay una sala de fitness de unos 80 m\u00b2 equipada con una bicicleta el\u00edptica, una cinta para correr, una bicicleta est\u00e1tica, un banco de pesas, colchonetas de Pilates, pelotas \u201cMedicine\u201d y una mesa de ping-pong. Las puertas de doble cristal conducen directamente al jard\u00edn. La sala de wellness adyacente de unos 50 m\u00b2 est\u00e1 equipada con una sauna y saunarium Klafs con ducha, inodoro y banco de masaje. Preg\u00fantanos por las posibilidades de pedir un masajista a domicilio.<\/div>\n<div class='content-column one_half last_column'><p><a href=\"https:\/\/www.mallorca-luxus-finca.com\/wp-content\/uploads\/2014\/01\/img_8139.jpg\"><img loading=\"lazy\" decoding=\"async\" class=\"alignnone  fullwidth\" alt=\"img_8139\" src=\"https:\/\/www.mallorca-luxus-finca.com\/wp-content\/uploads\/2014\/01\/img_8139.jpg\" width=\"900\" height=\"600\" \/><\/a><\/p><\/div><div class='clear_column'><\/div>\n<p>&nbsp;<\/p>\n<p>&nbsp;<\/p>\n<p>&nbsp;<\/p>\n<p>&nbsp;<\/p>\n<p>&nbsp;<\/p>\n<p>&nbsp;<\/p>\n<p>&nbsp;<\/p>\n","protected":false},"excerpt":{"rendered":"<p>&nbsp; Con fant\u00e1sticas vistas sobre las colinas de Mallorca, se encuentra en el coraz\u00f3n de la isla, la reci\u00e9n construida y preciosa Finca CA&#8217;N CASTELL, a s\u00f3lo 25 minutos en coche de Palma, y cerca de Sineu. Con su ubicaci\u00f3n c\u00e9ntrica pero a la vez tranquila y sus instalaciones de primera calidad, este encantador oasis [&hellip;]<\/p>\n","protected":false},"author":2,"featured_media":0,"parent":0,"menu_order":0,"comment_status":"closed","ping_status":"closed","template":"template-subpage.php","meta":{"ngg_post_thumbnail":0,"footnotes":""},"class_list":["post-456","page","type-page","status-publish","hentry"],"aioseo_notices":[],"_links":{"self":[{"href":"https:\/\/www.mallorca-luxus-finca.com\/es\/wp-json\/wp\/v2\/pages\/456","targetHints":{"allow":["GET"]}}],"collection":[{"href":"https:\/\/www.mallorca-luxus-finca.com\/es\/wp-json\/wp\/v2\/pages"}],"about":[{"href":"https:\/\/www.mallorca-luxus-finca.com\/es\/wp-json\/wp\/v2\/types\/page"}],"author":[{"embeddable":true,"href":"https:\/\/www.mallorca-luxus-finca.com\/es\/wp-json\/wp\/v2\/users\/2"}],"replies":[{"embeddable":true,"href":"https:\/\/www.mallorca-luxus-finca.com\/es\/wp-json\/wp\/v2\/comments?post=456"}],"version-history":[{"count":4,"href":"https:\/\/www.mallorca-luxus-finca.com\/es\/wp-json\/wp\/v2\/pages\/456\/revisions"}],"predecessor-version":[{"id":463,"href":"https:\/\/www.mallorca-luxus-finca.com\/es\/wp-json\/wp\/v2\/pages\/456\/revisions\/463"}],"wp:attachment":[{"href":"https:\/\/www.mallorca-luxus-finca.com\/es\/wp-json\/wp\/v2\/media?parent=456"}],"curies":[{"name":"wp","href":"https:\/\/api.w.org\/{rel}","templated":true}]}}