{"id":425,"date":"2014-02-24T13:39:08","date_gmt":"2014-02-24T11:39:08","guid":{"rendered":"https:\/\/www.mallorca-luxus-finca.com\/straende-2\/"},"modified":"2014-03-12T19:19:58","modified_gmt":"2014-03-12T17:19:58","slug":"straende","status":"publish","type":"page","link":"https:\/\/www.mallorca-luxus-finca.com\/es\/straende\/","title":{"rendered":"Playas"},"content":{"rendered":"<blockquote><p>Mallorca siempre encanta a sus visitantes, sobre todo con sus numerosas playas bonitas. La isla ofrece playas para todos los gustos; magn\u00edficas y largas playas de arena, as\u00ed como discretas bah\u00edas rom\u00e1nticas&#8230;<\/p><\/blockquote>\n<p>&nbsp;<\/p>\n<p>&nbsp;<\/p>\n<h4>Playa Es Trenc<\/h4>\n<div class='content-column one_half'>Es Trenc es una playa de arena de m\u00e1s de dos kil\u00f3metros, bordeada por dunas de arena. Es la playa m\u00e1s famosa de Mallorca y est\u00e1 situada en la costa sur entre las localidades Sa R\u00e1pita y Colonia de Sant Jordi. Como est\u00e1 en el medio de una reserva natural, se ha mantenido completamente al margen de los hoteles y del turismo de masas.<\/p>\n<p>&nbsp;<\/p>\n<p>A unos 35 minutos de Ca\u2019n Castell.<\/p><\/div>\n<div class='content-column one_half last_column'><p><iframe loading=\"lazy\" style=\"border: 0;\" src=\"https:\/\/www.google.com\/maps\/embed?pb=!1m18!1m12!1m3!1d98702.03286548203!2d2.97894325976562!3d39.36894979282769!2m3!1f0!2f0!3f0!3m2!1i1024!2i768!4f13.1!3m3!1m2!1s0x0%3A0xa5ffcf5a517a6cca!2sPlaya+Es+Trenc!5e0!3m2!1sde!2sde!4v1393329119858\" height=\"200\" width=\"300\" frameborder=\"0\"><\/iframe><\/p><\/div><div class='clear_column'><\/div>\n<p>&nbsp;<\/p>\n<h4><\/h4>\n<h4>Cala Pi<\/h4>\n<div class='content-column one_half'>La rom\u00e1ntica bah\u00eda de Cala Pi se encuentra a unos 17 kil\u00f3metros al sur de Llucmajor, en la costa sur de Mallorca. La hermosa playa s\u00f3lo mide 45 metros de largo, pero hasta 140 metros de ancho. La playa es de arena blanca y fina y baja gradualmente hacia el mar. El agua es cristalina y azul turquesa, casi como en el Caribe &#8230;<\/p>\n<p>&nbsp;<\/p>\n<p>A unos 30 minutos de Ca\u2019n Castell.<\/p><\/div>\n<div class='content-column one_half last_column'><p><iframe loading=\"lazy\" style=\"border: 0;\" src=\"https:\/\/www.google.com\/maps\/embed?pb=!1m18!1m12!1m3!1d6169.233118034125!2d2.8372285557441543!3d39.3649190653131!2m3!1f0!2f0!3f0!3m2!1i1024!2i768!4f13.1!3m3!1m2!1s0x1297a159e6d2a1bb%3A0x1b88f10bda4a4302!2sCala+Pi!5e0!3m2!1sde!2sde!4v1393330035184\" height=\"200\" width=\"300\" frameborder=\"0\"><\/iframe><\/p><\/div><div class='clear_column'><\/div>\n<p>&nbsp;<\/p>\n<p>&nbsp;<\/p>\n<h4>Playa de Son Serra de Marina<\/h4>\n<div class='content-column one_half'>En el tramo de casi dos kil\u00f3metros de arena hacia la Colonia de Sant Pere, hay suficiente espacio para todos. En la parte oriental los nudistas pueden nadar y tomar el sol sin ser molestados. Esta amplia playa de arena en la bah\u00eda de Alcudia nunca est\u00e1 abarrotada, ni siquiera en pleno verano. En vez de atraer el turismo de masas con complejos vacacionales, la vulnerable zona de dunas fue declarada \u00e1rea natural protegida &#8230;<\/p>\n<p>&nbsp;<\/p>\n<p>A unos 20 minutos de Ca\u2019n Castell.<\/p><\/div>\n<div class='content-column one_half last_column'><p><iframe loading=\"lazy\" style=\"border: 0;\" src=\"https:\/\/www.google.com\/maps\/embed?pb=!1m16!1m12!1m3!1d49091.58575274014!2d3.225063700000008!3d39.73461645!2m3!1f0!2f0!3f0!3m2!1i1024!2i768!4f13.1!2m1!1splaya+in+der+N%C3%A4he+von+Son+Serra+de+Marina%2C+Spanien!5e0!3m2!1sde!2sde!4v1393329723186\" height=\"200\" width=\"300\" frameborder=\"0\"><\/iframe><\/p><\/div><div class='clear_column'><\/div>\n<p>&nbsp;<\/p>\n<p>&nbsp;<\/p>\n<h4>Playa de Muro<\/h4>\n<div class='content-column one_half'>La Playa de Muro mide 3 km de largo y se encuentra en el norte de Mallorca entre Can Picafort y Port d&#8217;Alc\u00fadia. La playa es de arena fina y baja gradualmente a las maravillosas aguas cristalinas. Las magn\u00edficas vistas de las monta\u00f1as y las aguas poco profundas, hacen de Playa de Muro una playa fant\u00e1stica. A lo largo de toda la playa se encuentran bares de playa y puntos de alquiler de tumbonas y sombrillas. El muy cercano parque natural de S&#8217;ALBUFERA DE MALLORCA es un destino popular para toda la familia &#8230;<\/p>\n<p>&nbsp;<\/p>\n<p>A unos 15 minutos de Ca\u2019n Castell.<\/p><\/div>\n<div class='content-column one_half last_column'><p><iframe loading=\"lazy\" style=\"border: 0;\" src=\"https:\/\/www.google.com\/maps\/embed?pb=!1m16!1m12!1m3!1d24526.66287965969!2d3.139138563577931!3d39.788306137928764!2m3!1f0!2f0!3f0!3m2!1i1024!2i768!4f13.1!2m1!1sPlaya+de+Muro%2C+Mallorca!5e0!3m2!1sde!2sde!4v1393330713676\" height=\"200\" width=\"300\" frameborder=\"0\"><\/iframe><\/p><\/div><div class='clear_column'><\/div>\n","protected":false},"excerpt":{"rendered":"<p>Mallorca siempre encanta a sus visitantes, sobre todo con sus numerosas playas bonitas. La isla ofrece playas para todos los gustos; magn\u00edficas y largas playas de arena, as\u00ed como discretas bah\u00edas rom\u00e1nticas&#8230; &nbsp; &nbsp; Playa Es Trenc &nbsp; Cala Pi &nbsp; &nbsp; Playa de Son Serra de Marina &nbsp; &nbsp; Playa de Muro<\/p>\n","protected":false},"author":2,"featured_media":0,"parent":0,"menu_order":0,"comment_status":"open","ping_status":"open","template":"template-region.php","meta":{"ngg_post_thumbnail":0,"footnotes":""},"class_list":["post-425","page","type-page","status-publish","hentry"],"aioseo_notices":[],"_links":{"self":[{"href":"https:\/\/www.mallorca-luxus-finca.com\/es\/wp-json\/wp\/v2\/pages\/425","targetHints":{"allow":["GET"]}}],"collection":[{"href":"https:\/\/www.mallorca-luxus-finca.com\/es\/wp-json\/wp\/v2\/pages"}],"about":[{"href":"https:\/\/www.mallorca-luxus-finca.com\/es\/wp-json\/wp\/v2\/types\/page"}],"author":[{"embeddable":true,"href":"https:\/\/www.mallorca-luxus-finca.com\/es\/wp-json\/wp\/v2\/users\/2"}],"replies":[{"embeddable":true,"href":"https:\/\/www.mallorca-luxus-finca.com\/es\/wp-json\/wp\/v2\/comments?post=425"}],"version-history":[{"count":2,"href":"https:\/\/www.mallorca-luxus-finca.com\/es\/wp-json\/wp\/v2\/pages\/425\/revisions"}],"predecessor-version":[{"id":427,"href":"https:\/\/www.mallorca-luxus-finca.com\/es\/wp-json\/wp\/v2\/pages\/425\/revisions\/427"}],"wp:attachment":[{"href":"https:\/\/www.mallorca-luxus-finca.com\/es\/wp-json\/wp\/v2\/media?parent=425"}],"curies":[{"name":"wp","href":"https:\/\/api.w.org\/{rel}","templated":true}]}}