{"id":419,"date":"2014-01-31T20:21:28","date_gmt":"2014-01-31T18:21:28","guid":{"rendered":"https:\/\/www.mallorca-luxus-finca.com\/unsere-agbs-2\/"},"modified":"2014-11-18T16:34:55","modified_gmt":"2014-11-18T14:34:55","slug":"unsere-agbs","status":"publish","type":"page","link":"https:\/\/www.mallorca-luxus-finca.com\/es\/unsere-agbs\/","title":{"rendered":"Nuestras condiciones"},"content":{"rendered":"<h4>Condiciones para el arrendamiento de la finca CA&#8217;N CASTELL, Mallorca<\/h4>\n<p>&nbsp;<\/p>\n<p><strong>1.\u00a0\u00a0\u00a0\u00a0\u00a0 <\/strong><strong>contrato<\/strong><\/p>\n<p>Con su reserva usted est\u00e1 presentando una oferta vinculante para concluir un contrato de alquiler. El contrato entra en vigor con nuestra aceptaci\u00f3n de su oferta.<\/p>\n<p>&nbsp;<\/p>\n<p><strong>2.\u00a0\u00a0\u00a0\u00a0\u00a0 <\/strong><strong>pago<\/strong><\/p>\n<p>Se requiere un pago anticipado de 20% del precio de alquiler dentro de 10 d\u00edas despu\u00e9s de la fecha de nuestra confirmaci\u00f3n de la reserva. El resto del alquiler se debe a m\u00e1s tardar 30 d\u00edas antes de su llegada. En el caso de falta de pago del anticipo o precio de alquiler completo a pesar de un recordatorio por escrito con un per\u00edodo de gracia de 10 d\u00edas, el cliente no puede hacer ninguna reclamaci\u00f3n sobre la propiedad.<\/p>\n<p>&nbsp;<\/p>\n<p><strong>3.\u00a0\u00a0\u00a0\u00a0\u00a0 <\/strong><strong>servicios<\/strong><\/p>\n<p>Los servicios contractuales son de conformidad con las descripciones en nuestra p\u00e1gina web.<br \/>\nLos acuerdos adicionales deben ser registrados por escrito.<\/p>\n<p>&nbsp;<\/p>\n<p><strong>4.\u00a0\u00a0\u00a0\u00a0\u00a0 <\/strong><strong>gastos adicionales<\/strong><\/p>\n<p>Los gastos adicionales, tales como electricidad, gas, agua, y la limpieza final est\u00e1n incluidos en el precio del alquiler.<\/p>\n<p>&nbsp;<\/p>\n<p><strong>5.\u00a0\u00a0\u00a0\u00a0\u00a0 cancelaci\u00f3n<\/strong><\/p>\n<p>Se puede rescindir el contrato en cualquier momento antes del comienzo del per\u00edodo de alquiler. La cancelaci\u00f3n debe hacerse por escrito.<\/p>\n<p>Decisivo para la cancelaci\u00f3n es la fecha en la que la retirada por escrito es recibida por el propietario. El propietario puede cobrar una compensaci\u00f3n razonable en caso de retirada. El importe de la indemnizaci\u00f3n se determinara bas\u00e1ndose en el precio de alquiler acordado. Para el c\u00e1lculo se tienen en cuenta los gastos ahorrados. En lugar de la indemnizaci\u00f3n antes mencionada el arrendador puede cobrar un cargo por cancelaci\u00f3n que se calcula de la siguiente manera:<\/p>\n<p>Cancelaci\u00f3n hasta 60 d\u00edas antes del per\u00edodo de alquiler: 20% del precio total del alquiler<\/p>\n<p>59 \u2013 30 d\u00edas antes del per\u00edodo de alquiler: 80 %<\/p>\n<p>29 \u2013 20 d\u00edas antes del per\u00edodo de alquiler: 90 %<\/p>\n<p>En caso de una cancelaci\u00f3n m\u00e1s tarde se cobrar\u00e1 el precio total del alquiler.<\/p>\n<p>&nbsp;<\/p>\n<p><strong>6.\u00a0\u00a0\u00a0\u00a0\u00a0<\/strong><strong>garant\u00eda<\/strong><\/p>\n<p>En caso de perturbaci\u00f3n de los servicios, el cliente est\u00e1 obligado dentro del marco de las disposiciones legales, a tomar todas las medidas que sean razonables para remediar la perturbaci\u00f3n y minimizar en todo lo posible los da\u00f1os. Esto significa en particular la obligaci\u00f3n de comunicar las perturbaciones de inmediato. Por tel\u00e9fono (0172-9312432 \/ 004969722244) o hbullrich@t-online.de email<\/p>\n<p>&nbsp;<\/p>\n<p><strong>7.\u00a0\u00a0\u00a0\u00a0\u00a0<\/strong><strong>fianza<\/strong><\/p>\n<p>En el momento de la recogida de las llaves de la casa, se deber\u00e1 pagar una fianza 500 \u20ac.<\/p>\n<p>&nbsp;<\/p>\n<p><strong>8.\u00a0\u00a0\u00a0\u00a0\u00a0 <\/strong><strong>invalidez de disposiciones individuales<\/strong><\/p>\n<p>La invalidez de cualquier disposici\u00f3n en las condiciones generales o en el contrato no afectar\u00e1 a la validez de las dem\u00e1s disposiciones.<\/p>\n<p>&nbsp;<\/p>\n<p><strong>9.\u00a0\u00a0\u00a0\u00a0\u00a0 <\/strong><strong>domicilio legal<\/strong><\/p>\n<p>Cualquier conflicto que surja en relaci\u00f3n con el alquiler estar\u00e1 sujeta a la exclusiva jurisdicci\u00f3n de los Tribunales de Frankfurt am Main si el cliente no tiene un lugar de jurisdicci\u00f3n general en Alemania o ha trasladado su lugar de residencia o domicilio habitual a un pa\u00eds distinto de Alemania despu\u00e9s de la conclusi\u00f3n del contrato, o si la residencia habitual o domicilio del cliente es desconocido cuando se present\u00f3 la acci\u00f3n legal, o si el cliente es un comerciante registrado o persona jur\u00eddica de derecho p\u00fablico o de patrimonio especial p\u00fablico.<\/p>\n<p>&nbsp;<\/p>\n<p>&nbsp;<\/p>\n<p>&nbsp;<\/p>\n","protected":false},"excerpt":{"rendered":"<p>Condiciones para el arrendamiento de la finca CA&#8217;N CASTELL, Mallorca &nbsp; 1.\u00a0\u00a0\u00a0\u00a0\u00a0 contrato Con su reserva usted est\u00e1 presentando una oferta vinculante para concluir un contrato de alquiler. El contrato entra en vigor con nuestra aceptaci\u00f3n de su oferta. &nbsp; 2.\u00a0\u00a0\u00a0\u00a0\u00a0 pago Se requiere un pago anticipado de 20% del precio de alquiler dentro de [&hellip;]<\/p>\n","protected":false},"author":2,"featured_media":0,"parent":0,"menu_order":0,"comment_status":"open","ping_status":"open","template":"template-subpage_wo.php","meta":{"ngg_post_thumbnail":0,"footnotes":""},"class_list":["post-419","page","type-page","status-publish","hentry"],"aioseo_notices":[],"_links":{"self":[{"href":"https:\/\/www.mallorca-luxus-finca.com\/es\/wp-json\/wp\/v2\/pages\/419","targetHints":{"allow":["GET"]}}],"collection":[{"href":"https:\/\/www.mallorca-luxus-finca.com\/es\/wp-json\/wp\/v2\/pages"}],"about":[{"href":"https:\/\/www.mallorca-luxus-finca.com\/es\/wp-json\/wp\/v2\/types\/page"}],"author":[{"embeddable":true,"href":"https:\/\/www.mallorca-luxus-finca.com\/es\/wp-json\/wp\/v2\/users\/2"}],"replies":[{"embeddable":true,"href":"https:\/\/www.mallorca-luxus-finca.com\/es\/wp-json\/wp\/v2\/comments?post=419"}],"version-history":[{"count":2,"href":"https:\/\/www.mallorca-luxus-finca.com\/es\/wp-json\/wp\/v2\/pages\/419\/revisions"}],"predecessor-version":[{"id":718,"href":"https:\/\/www.mallorca-luxus-finca.com\/es\/wp-json\/wp\/v2\/pages\/419\/revisions\/718"}],"wp:attachment":[{"href":"https:\/\/www.mallorca-luxus-finca.com\/es\/wp-json\/wp\/v2\/media?parent=419"}],"curies":[{"name":"wp","href":"https:\/\/api.w.org\/{rel}","templated":true}]}}