{"id":409,"date":"2014-01-31T20:21:43","date_gmt":"2014-01-31T18:21:43","guid":{"rendered":"https:\/\/www.mallorca-luxus-finca.com\/impressum-2\/"},"modified":"2017-06-15T14:04:06","modified_gmt":"2017-06-15T12:04:06","slug":"impressum","status":"publish","type":"page","link":"https:\/\/www.mallorca-luxus-finca.com\/es\/impressum\/","title":{"rendered":"Imprint"},"content":{"rendered":"<h4>Editor:<\/h4>\n<blockquote><p>TRUST MONTINI 2012\u00a0SL<\/p><\/blockquote>\n<p>C\/ Constituci\u00f3, 1\u00aa planta, 3\u00ba A<\/p>\n<p>E-07001 Palma (Illes Balears)<\/p>\n<p>Espa\u00f1a<\/p>\n<p>&nbsp;<\/p>\n<p><a href=\"mailto:info@mallorca-luxusfinca.com\">info@mallorca-luxusfinca.com\u00a0<\/a><\/p>\n<p>&nbsp;<\/p>\n<p>&nbsp;<\/p>\n<p>&nbsp;<\/p>\n<p><strong>Enlaces externos<\/strong><\/p>\n<p>Todos los enlaces a p\u00e1ginas web externas han sido verificados cuidadosamente a la hora de crear esta p\u00e1gina. En el momento de crear el enlace no se encontraron posibles infracciones de la ley. Sin embargo, no tenemos ninguna influencia sobre el contenido de las p\u00e1ginas enlazadas, siendo su contenido responsabilidad de los respectivos proveedores. Si encuentra alg\u00fan contenido ilegal en uno de los enlaces, por favor, env\u00ede un mensaje a <a href=\"mailto:info@mallorca-luxusfinca.com\">info@mallorca-luxusfinca.com<\/a>. Comprobaremos y eliminaremos los enlaces si es necesario.<\/p>\n<p>&nbsp;<\/p>\n<p>&nbsp;<\/p>\n<p><strong>Concepto y dise\u00f1o web:<\/strong><\/p>\n<p><a href=\"http:\/\/www.freshandeazy.com\">www.freshandeazy.com<\/a><\/p>\n<p>&nbsp;<\/p>\n<p>&nbsp;<\/p>\n<p>&nbsp;<\/p>\n<p>&nbsp;<\/p>\n","protected":false},"excerpt":{"rendered":"<p>Editor: TRUST MONTINI 2012\u00a0SL C\/ Constituci\u00f3, 1\u00aa planta, 3\u00ba A E-07001 Palma (Illes Balears) Espa\u00f1a &nbsp; info@mallorca-luxusfinca.com\u00a0 &nbsp; &nbsp; &nbsp; Enlaces externos Todos los enlaces a p\u00e1ginas web externas han sido verificados cuidadosamente a la hora de crear esta p\u00e1gina. En el momento de crear el enlace no se encontraron posibles infracciones de la ley. [&hellip;]<\/p>\n","protected":false},"author":2,"featured_media":0,"parent":0,"menu_order":0,"comment_status":"open","ping_status":"open","template":"template-subpage_wo.php","meta":{"ngg_post_thumbnail":0,"footnotes":""},"class_list":["post-409","page","type-page","status-publish","hentry"],"aioseo_notices":[],"_links":{"self":[{"href":"https:\/\/www.mallorca-luxus-finca.com\/es\/wp-json\/wp\/v2\/pages\/409","targetHints":{"allow":["GET"]}}],"collection":[{"href":"https:\/\/www.mallorca-luxus-finca.com\/es\/wp-json\/wp\/v2\/pages"}],"about":[{"href":"https:\/\/www.mallorca-luxus-finca.com\/es\/wp-json\/wp\/v2\/types\/page"}],"author":[{"embeddable":true,"href":"https:\/\/www.mallorca-luxus-finca.com\/es\/wp-json\/wp\/v2\/users\/2"}],"replies":[{"embeddable":true,"href":"https:\/\/www.mallorca-luxus-finca.com\/es\/wp-json\/wp\/v2\/comments?post=409"}],"version-history":[{"count":4,"href":"https:\/\/www.mallorca-luxus-finca.com\/es\/wp-json\/wp\/v2\/pages\/409\/revisions"}],"predecessor-version":[{"id":1003,"href":"https:\/\/www.mallorca-luxus-finca.com\/es\/wp-json\/wp\/v2\/pages\/409\/revisions\/1003"}],"wp:attachment":[{"href":"https:\/\/www.mallorca-luxus-finca.com\/es\/wp-json\/wp\/v2\/media?parent=409"}],"curies":[{"name":"wp","href":"https:\/\/api.w.org\/{rel}","templated":true}]}}