{"id":405,"date":"2014-01-30T23:13:32","date_gmt":"2014-01-30T21:13:32","guid":{"rendered":"https:\/\/www.mallorca-luxus-finca.com\/die-lage-2\/"},"modified":"2014-03-12T19:20:40","modified_gmt":"2014-03-12T17:20:40","slug":"die-lage","status":"publish","type":"page","link":"https:\/\/www.mallorca-luxus-finca.com\/es\/die-lage\/","title":{"rendered":"La regi\u00f3n"},"content":{"rendered":"<blockquote><p>&nbsp;<\/p>\n<p>El centro de Mallorca todav\u00eda respira el t\u00edpico ambiente mediterr\u00e1neo original, con un paisaje diverso de colinas, bosques, campos con almendros e higueras, y rom\u00e1nticos pueblos medievales. Lejos de las zonas tur\u00edsticas, la regi\u00f3n de Es Pla ha conservado su encanto. Sin embargo la regi\u00f3n ofrece una gama de posibilidades para unas vacaciones agradables y relajantes, y a la vez llenas de actividades.<\/p><\/blockquote>\n<p>&nbsp;<\/p>\n<div class='content-column one_half'>La c\u00e9ntrica ubicaci\u00f3n de Finca Can Castell es la base ideal para unas vacaciones que no se limitan a una sola regi\u00f3n de Mallorca y le invita a recorrer toda la isla.<\/p>\n<p>&nbsp;<\/p>\n<p>La ciudad de Palma es un destino muy popular y est\u00e1 a s\u00f3lo media hora en coche, y en menos tiempo se puede llegar a las espectaculares monta\u00f1as de la Tramuntana. Pero el mar tambi\u00e9n est\u00e1 cerca: en s\u00f3lo 15 a 25 minutos se llega a las playas de arena de la Bah\u00eda de Alc\u00fadia y en unos 30 minutos a la playa caribe\u00f1a de Es Trenc, o las rom\u00e1nticas &#8220;Calas&#8221; en la costa este.<\/p>\n<p>&nbsp;<\/p>\n<p><a href=\"https:\/\/www.mallorca-luxus-finca.com\/wp-content\/uploads\/2014\/01\/badiaalcudia.jpg\"><img loading=\"lazy\" decoding=\"async\" class=\"alignnone size-full wp-image-187 fullwidth\" alt=\"badiaalcudia\" src=\"https:\/\/www.mallorca-luxus-finca.com\/wp-content\/uploads\/2014\/01\/badiaalcudia.jpg\" width=\"600\" height=\"400\" srcset=\"https:\/\/www.mallorca-luxus-finca.com\/wp-content\/uploads\/2014\/01\/badiaalcudia.jpg 600w, https:\/\/www.mallorca-luxus-finca.com\/wp-content\/uploads\/2014\/01\/badiaalcudia-300x200.jpg 300w\" sizes=\"auto, (max-width: 600px) 100vw, 600px\" \/><\/a><br \/><\/div>\n<div class='content-column one_half last_column'><a href=\"https:\/\/www.mallorca-luxus-finca.com\/wp-content\/uploads\/2014\/01\/foto-kopie.jpg\"><img loading=\"lazy\" decoding=\"async\" class=\"alignnone size-full wp-image-183 fullwidth\" alt=\"foto-kopie\" src=\"https:\/\/www.mallorca-luxus-finca.com\/wp-content\/uploads\/2014\/01\/foto-kopie.jpg\" width=\"600\" height=\"600\" srcset=\"https:\/\/www.mallorca-luxus-finca.com\/wp-content\/uploads\/2014\/01\/foto-kopie.jpg 600w, https:\/\/www.mallorca-luxus-finca.com\/wp-content\/uploads\/2014\/01\/foto-kopie-150x150.jpg 150w, https:\/\/www.mallorca-luxus-finca.com\/wp-content\/uploads\/2014\/01\/foto-kopie-300x300.jpg 300w\" sizes=\"auto, (max-width: 600px) 100vw, 600px\" \/><\/a><\/p>\n<p>&nbsp;<\/p>\n<p>En el centro de la isla, a solo 5 minutes de la finca, se encuentra el pueblo de Sineu. Un lugar lleno de vida con m\u00e1s de 20 restaurantes, numerosas tiendas y el famoso mercado semanal que se celebra todos los mi\u00e9rcoles por la ma\u00f1ana en el centro hist\u00f3rico del pueblo.<\/p>\n<p>&nbsp;<\/p>\n<p>Las dos peque\u00f1as ciudades Manacor e Inca est\u00e1n a unos 15 minutos en coche y ofrecen grandes supermercados, tiendas de artesan\u00eda adem\u00e1s de amplios servicios m\u00e9dicos.<\/div><div class='clear_column'><\/div>\n","protected":false},"excerpt":{"rendered":"<p>&nbsp; El centro de Mallorca todav\u00eda respira el t\u00edpico ambiente mediterr\u00e1neo original, con un paisaje diverso de colinas, bosques, campos con almendros e higueras, y rom\u00e1nticos pueblos medievales. Lejos de las zonas tur\u00edsticas, la regi\u00f3n de Es Pla ha conservado su encanto. Sin embargo la regi\u00f3n ofrece una gama de posibilidades para unas vacaciones agradables [&hellip;]<\/p>\n","protected":false},"author":2,"featured_media":0,"parent":0,"menu_order":0,"comment_status":"open","ping_status":"open","template":"template-region.php","meta":{"ngg_post_thumbnail":0,"footnotes":""},"class_list":["post-405","page","type-page","status-publish","hentry"],"aioseo_notices":[],"_links":{"self":[{"href":"https:\/\/www.mallorca-luxus-finca.com\/es\/wp-json\/wp\/v2\/pages\/405","targetHints":{"allow":["GET"]}}],"collection":[{"href":"https:\/\/www.mallorca-luxus-finca.com\/es\/wp-json\/wp\/v2\/pages"}],"about":[{"href":"https:\/\/www.mallorca-luxus-finca.com\/es\/wp-json\/wp\/v2\/types\/page"}],"author":[{"embeddable":true,"href":"https:\/\/www.mallorca-luxus-finca.com\/es\/wp-json\/wp\/v2\/users\/2"}],"replies":[{"embeddable":true,"href":"https:\/\/www.mallorca-luxus-finca.com\/es\/wp-json\/wp\/v2\/comments?post=405"}],"version-history":[{"count":3,"href":"https:\/\/www.mallorca-luxus-finca.com\/es\/wp-json\/wp\/v2\/pages\/405\/revisions"}],"predecessor-version":[{"id":408,"href":"https:\/\/www.mallorca-luxus-finca.com\/es\/wp-json\/wp\/v2\/pages\/405\/revisions\/408"}],"wp:attachment":[{"href":"https:\/\/www.mallorca-luxus-finca.com\/es\/wp-json\/wp\/v2\/media?parent=405"}],"curies":[{"name":"wp","href":"https:\/\/api.w.org\/{rel}","templated":true}]}}